{"id":161,"date":"2023-06-01T13:54:01","date_gmt":"2023-06-01T11:54:01","guid":{"rendered":"https:\/\/naturb\u00f8rnehuset.dk\/?page_id=161"},"modified":"2025-03-27T20:23:47","modified_gmt":"2025-03-27T19:23:47","slug":"priser","status":"publish","type":"page","link":"https:\/\/naturb\u00f8rnehuset.dk\/?page_id=161","title":{"rendered":"Priser"},"content":{"rendered":"\n<p>Priser for 2025:<br>B\u00f8rnehavebarn 2650,- kr. pr. m\u00e5ned<br>Vuggestuebarn 3450,-kr. pr. m\u00e5ned<br>Juli m\u00e5ned er betalingsfri<\/p>\n\n\n\n<p>Reglerne for s\u00f8skenderabat, \u00f8konomisk- og social friplads er de samme som i Mors\u00f8 kommune<\/p>\n","protected":false},"excerpt":{"rendered":"<p>Priser for 2025:B\u00f8rnehavebarn 2650,- kr. pr. m\u00e5nedVuggestuebarn 3450,-kr. pr. m\u00e5nedJuli m\u00e5ned er betalingsfri Reglerne for s\u00f8skenderabat, \u00f8konomisk- og social friplads er de samme som i Mors\u00f8 kommune<\/p>\n","protected":false},"author":2,"featured_media":0,"parent":0,"menu_order":0,"comment_status":"closed","ping_status":"closed","template":"","meta":[],"_links":{"self":[{"href":"https:\/\/naturb\u00f8rnehuset.dk\/index.php?rest_route=\/wp\/v2\/pages\/161"}],"collection":[{"href":"https:\/\/naturb\u00f8rnehuset.dk\/index.php?rest_route=\/wp\/v2\/pages"}],"about":[{"href":"https:\/\/naturb\u00f8rnehuset.dk\/index.php?rest_route=\/wp\/v2\/types\/page"}],"author":[{"embeddable":true,"href":"https:\/\/naturb\u00f8rnehuset.dk\/index.php?rest_route=\/wp\/v2\/users\/2"}],"replies":[{"embeddable":true,"href":"https:\/\/naturb\u00f8rnehuset.dk\/index.php?rest_route=%2Fwp%2Fv2%2Fcomments&post=161"}],"version-history":[{"count":5,"href":"https:\/\/naturb\u00f8rnehuset.dk\/index.php?rest_route=\/wp\/v2\/pages\/161\/revisions"}],"predecessor-version":[{"id":401,"href":"https:\/\/naturb\u00f8rnehuset.dk\/index.php?rest_route=\/wp\/v2\/pages\/161\/revisions\/401"}],"wp:attachment":[{"href":"https:\/\/naturb\u00f8rnehuset.dk\/index.php?rest_route=%2Fwp%2Fv2%2Fmedia&parent=161"}],"curies":[{"name":"wp","href":"https:\/\/api.w.org\/{rel}","templated":true}]}}