{"id":169,"date":"2023-06-01T13:54:01","date_gmt":"2023-06-01T11:54:01","guid":{"rendered":"https:\/\/naturb\u00f8rnehuset.dk\/?page_id=169"},"modified":"2024-02-06T11:08:41","modified_gmt":"2024-02-06T10:08:41","slug":"hverdagen","status":"publish","type":"page","link":"https:\/\/naturb\u00f8rnehuset.dk\/?page_id=169","title":{"rendered":"Hverdagen i vuggestuen"},"content":{"rendered":"\n<p>TRYGHED OG TRIVSEL<br>Det er i hverdagen, b\u00f8rnene finder trygheden i det genkendelige, udvikler sig og trives i f\u00e6llesskabet.<\/p>\n\n\n\n<p>Dagen starter kl. 5.45 i f\u00e6llesrummet. Vi tilbyder morgenmad for b\u00f8rn, der kommer i tidsrummet 5.45-7.00 og pakker maden v\u00e6k kl. 7.15 inden morgentravlheden s\u00e6tter ind. Menuen varierer, men best\u00e5r altid af et fuldkorns-morgenmadsprodukt og havregryn med m\u00e6lk. Herudover tilbyder vi havregr\u00f8d, alt efter b\u00f8rnenes appetit og foresp\u00f8rgsler. Om morgenen bygger vi hule, gynger, l\u00e6ser, tegner, spiller og nyder at tilbuddet af kammerater og legemuligheder stille og roligt \u00f8ges og udvikles alt efter hvilke venner, der kommer tidligt de p\u00e5g\u00e6ldende dage. Mulighederne er mange, og vi prioriterer afleveringen h\u00f8jt, s\u00e5 b\u00e5de for\u00e6ldre og b\u00f8rn f\u00e5r en god dag.<\/p>\n\n\n\n<p>I for\u00e5rs- sommer- og efter\u00e5rsm\u00e5nederne, n\u00e5r temperaturen er til det, tr\u00e6kker b\u00f8rnehavens b\u00f8rn og voksne ud p\u00e5 legepladsen omkring Kl. 8. Vuggestuen bliver i egne rammer inde for at lege, spise og planl\u00e6gge dagens tur eller aktivitet. For alle byder morgenen p\u00e5 glade velkomstknus og leg og kl. 9.00 er hovedparten af personalet m\u00f8dt og klar til dagens aktiviteter, hygge og samv\u00e6r.<\/p>\n\n\n\n<p>Vuggestuen samles kl. 8.45, hvor b\u00f8rnene sammen med personalet s\u00e5 fordyber sig i sang, rytmik, sprogstimulering samt finder ud af, om der mangler nogen den p\u00e5g\u00e6ldende dag. Samlingsstundens ro, fordybelse og samv\u00e6r er h\u00f8jt prioriteret. Kl. 9.15 spiser vuggestuen formiddagsmad, som best\u00e5r af groft br\u00f8d samt frugt\/gr\u00f8nt, s\u00e5 b\u00f8rnene har fyldte energidepoter til leg og aktiviteter indtil frokost. Babyer f\u00e5r selvf\u00f8lgelig kost, der passer til alder, mundmotorik og ford\u00f8jelse.<\/p>\n\n\n\n<p>Kl. 9.30 er alle klar til de forskellige aktiviteter i b\u00e5de vuggestue og b\u00f8rnehave, vi pakker tasker og ladcykler til dagens tur eller g\u00e5r i gang med sang, leg, motorik eller kreativ. B\u00f8rnene i b\u00f8rnehaven klarer s\u00e5 vidt muligt selv p\u00e5kl\u00e6dning \u2013 personalet guider og opmuntrer.<\/p>\n\n\n\n<p>Vi er ofte p\u00e5 ture, \u2013 og alt efter, hvilke b\u00f8rn, der skal p\u00e5 hvilken tur og aldersgruppe, \u2013 kan de v\u00e6re lange. Mulighederne i den pragtfulde natur omkring Nordmors er uanede. Vi erobrer Fuglet\u00e5rnet ved Hunds\u00f8, supper i fjorden, g\u00e5r p\u00e5 opdagelse i og omkring Skarregaard eller tager p\u00e5 eventyr i Skranderup Skov. B\u00f8rnehuset har deres egne el lad-cykler, der g\u00f8r det muligt at komme langt omkring, selvf\u00f8lgelig med for\u00e6ldretilladelse. <\/p>\n\n\n<div class=\"wp-block-image\">\n<figure class=\"alignleft size-large is-resized\"><img decoding=\"async\" loading=\"lazy\" src=\"https:\/\/naturb\u00f8rnehuset.dk\/wp-content\/uploads\/2024\/02\/Iben-768x1024.jpg\" alt=\"\" class=\"wp-image-335\" width=\"-25\" height=\"-33\" srcset=\"https:\/\/naturb\u00f8rnehuset.dk\/wp-content\/uploads\/2024\/02\/Iben-768x1024.jpg 768w, https:\/\/naturb\u00f8rnehuset.dk\/wp-content\/uploads\/2024\/02\/Iben-225x300.jpg 225w, https:\/\/naturb\u00f8rnehuset.dk\/wp-content\/uploads\/2024\/02\/Iben-1152x1536.jpg 1152w, https:\/\/naturb\u00f8rnehuset.dk\/wp-content\/uploads\/2024\/02\/Iben.jpg 1536w\" sizes=\"(max-width: 706px) 89vw, (max-width: 767px) 82vw, 740px\" \/><\/figure><\/div>\n\n\n<p>N\u00e5r klokken n\u00e6rmer sig frokosttid, spiser vi l\u00e6kker frokost, lavet i vores eget k\u00f8kken. Vi spiser lune retter 2-3 gange i ugen. <\/p>\n\n\n\n<p>Ca. kl. 14.00 spiser b\u00f8rnene eftermiddag, \u2013 soveb\u00f8rn, n\u00e5r de v\u00e5gner, maden serveres ofte udend\u00f8rs for ikke-sovende b\u00f8rn, mens soveb\u00f8rn spiser indenfor i rolige omgivelser, s\u00e5 der er plads og tid til at v\u00e5gne i n\u00e6rv\u00e6r og tryghed. <\/p>\n\n\n\n<p>Vores aktiviteter afh\u00e6nger selvf\u00f8lgelig af \u00e5rstidens vind og vejr, og vi prioriterer medbestemmelse i valg af ture, hvor vi p\u00e5 demokratisk vis kan afholde afstemninger om bestemmelsesstedet.<\/p>\n","protected":false},"excerpt":{"rendered":"<p>TRYGHED OG TRIVSELDet er i hverdagen, b\u00f8rnene finder trygheden i det genkendelige, udvikler sig og trives i f\u00e6llesskabet. Dagen starter kl. 5.45 i f\u00e6llesrummet. Vi tilbyder morgenmad for b\u00f8rn, der kommer i tidsrummet 5.45-7.00 og pakker maden v\u00e6k kl. 7.15 inden morgentravlheden s\u00e6tter ind. Menuen varierer, men best\u00e5r altid af et fuldkorns-morgenmadsprodukt og havregryn med &hellip; <\/p>\n<p class=\"link-more\"><a href=\"https:\/\/naturb\u00f8rnehuset.dk\/?page_id=169\" class=\"more-link\">L\u00e6s videre<span class=\"screen-reader-text\"> &#8220;Hverdagen i vuggestuen&#8221;<\/span><\/a><\/p>\n","protected":false},"author":2,"featured_media":0,"parent":0,"menu_order":0,"comment_status":"closed","ping_status":"closed","template":"","meta":[],"_links":{"self":[{"href":"https:\/\/naturb\u00f8rnehuset.dk\/index.php?rest_route=\/wp\/v2\/pages\/169"}],"collection":[{"href":"https:\/\/naturb\u00f8rnehuset.dk\/index.php?rest_route=\/wp\/v2\/pages"}],"about":[{"href":"https:\/\/naturb\u00f8rnehuset.dk\/index.php?rest_route=\/wp\/v2\/types\/page"}],"author":[{"embeddable":true,"href":"https:\/\/naturb\u00f8rnehuset.dk\/index.php?rest_route=\/wp\/v2\/users\/2"}],"replies":[{"embeddable":true,"href":"https:\/\/naturb\u00f8rnehuset.dk\/index.php?rest_route=%2Fwp%2Fv2%2Fcomments&post=169"}],"version-history":[{"count":5,"href":"https:\/\/naturb\u00f8rnehuset.dk\/index.php?rest_route=\/wp\/v2\/pages\/169\/revisions"}],"predecessor-version":[{"id":336,"href":"https:\/\/naturb\u00f8rnehuset.dk\/index.php?rest_route=\/wp\/v2\/pages\/169\/revisions\/336"}],"wp:attachment":[{"href":"https:\/\/naturb\u00f8rnehuset.dk\/index.php?rest_route=%2Fwp%2Fv2%2Fmedia&parent=169"}],"curies":[{"name":"wp","href":"https:\/\/api.w.org\/{rel}","templated":true}]}}