{"id":170,"date":"2023-06-01T13:54:01","date_gmt":"2023-06-01T11:54:01","guid":{"rendered":"https:\/\/naturb\u00f8rnehuset.dk\/?page_id=170"},"modified":"2023-12-12T14:00:47","modified_gmt":"2023-12-12T13:00:47","slug":"paedagogik","status":"publish","type":"page","link":"https:\/\/naturb\u00f8rnehuset.dk\/?page_id=170","title":{"rendered":"P\u00e6dagogik"},"content":{"rendered":"\n<div class=\"wp-block-columns is-layout-flex wp-container-3\">\n<div class=\"wp-block-column is-layout-flow\">\n<h1 class=\"wp-block-heading\"><strong>Naturklogskab<\/strong><\/h1>\n\n\n\n<p>I vores naturb\u00f8rnehus elsker vi udeliv og g\u00f8r alt, hvad vi kan, for at g\u00f8re b\u00f8rnene kloge p\u00e5 b\u00e5de sig selv og naturen. Vi bruger vores egne udearealer, skov, fjord, eng og molergrav som vores legeplads og dufter og smager p\u00e5 alt muligt. B\u00e6r og b\u00e5lmad er vores livretter, og robuste, nysgerrige, videbeg\u00e6rlige, beskidte, sociale og ikke mindst trygge b\u00f8rn med r\u00f8de kinder er vores succeskriterier.<\/p>\n\n\n\n<p>Vores udgangspunkt for arbejdet omkring b\u00f8rnene er dannet i en viden om og klippefast tro p\u00e5, at b\u00f8rn, n\u00e5r de i et trygt milj\u00f8, er sanseligt og sansemotorisk velstimulerede, er klar til at rumme de udfordringer og al den viden og l\u00e6ring, livet tilbyder.<\/p>\n\n\n\n<p>Naturklogskab er for os en viden om den natur og verden, vi er en del af, en respekt for naturen som en levende organisme og en anerkendelse af naturen som en l\u00e6remester \u2013 uden begr\u00e6nsninger. Vi bruger uderummet til al slags l\u00e6ring og v\u00e6gter den ro, uderummet giver til b\u00e5de b\u00f8rn og voksne, uanset alder og foruds\u00e6tninger.<\/p>\n\n\n\n<p>Erfaringer dannet igennem f\u00f8rsteh\u00e5ndsindtryk, er erfaringer, der s\u00e6tter spor, hvilket betyder, at vi i praksis g\u00f8r alt hvad vi kan, for at b\u00f8rnene danner deres egne erfaringer ved at give dem muligheder for udforskning og ved at v\u00e6re vejledende, omsorgsfulde, fordybede og engagerede voksne.<\/p>\n\n\n\n<p>Vi arbejder med naturvidenskab, bev\u00e6gelse, science, matematik og sprog og kendetegnes ved en praksis, hvor tid, tryghed, n\u00e6rv\u00e6r, refleksion, trivsel, medbestemmelse, ansvarlighed, rummelighed og socialisering er i h\u00f8js\u00e6det.<\/p>\n\n\n\n<p>Vi tror p\u00e5, at selvhjulpne b\u00f8rn fyldt med selvv\u00e6rd er glade b\u00f8rn, og vi arbejder anerkendende i alt, hvad vi g\u00f8r, og har altid fokus p\u00e5 relations arbejdet med og omkring b\u00f8rnene.<\/p>\n<\/div>\n\n\n\n<div class=\"wp-block-column is-layout-flow\">\n<h1 class=\"wp-block-heading\"><strong>For\u00e6ldresamarbejde<\/strong><\/h1>\n\n\n\n<p>Et n\u00e6rt og tillidsfuldt samarbejde med b\u00f8rn og for\u00e6ldre er en af grundstenene i et b\u00f8rnehus som vores. Vores for\u00e6ldre f\u00f8lger med i b\u00f8rnenes hverdagsliv i vuggestuen og b\u00f8rnehaven igennem eksempelvis for\u00e6ldrer\u00e5d, for\u00e6ldrem\u00f8der, f\u00e6lles arbejdsdage og igennem billeder i vores lukkede gruppe.<\/p>\n\n\n\n<p>Der afholdes 2 \u00e5rlige for\u00e6ldrem\u00f8der i naturb\u00f8rnehuset, hvor der er mulighed for at dr\u00f8fte forskellige temaer med relation til hverdagen i hhv. vuggestue og b\u00f8rnehave. M\u00f8derne er placeret om for\u00e5ret og om efter\u00e5ret. P\u00e5 efter\u00e5rs-for\u00e6ldrem\u00f8det afholdes valg til b\u00f8rnehusets for\u00e6ldrer\u00e5d. <\/p>\n\n\n\n<p>Hvis vi oplever mistrivsel eller andre forhold, der kr\u00e6ver en snak om det enkelte barn, er vi i t\u00e6t dialog med vores for\u00e6ldre for at afhj\u00e6lpe situationen. Vi forventer, at vores for\u00e6ldre udviser engagement og underst\u00f8tter de p\u00e6dagogiske tiltag, der iv\u00e6rks\u00e6ttes for at st\u00f8tte og udvikle b\u00f8rnene.<\/p>\n\n\n\n<p>Den daglige kontakt foreg\u00e5r typisk i forbindelse med aflevering og afhentning af b\u00f8rnene. Her er der mulighed for at lave aftaler for det enkelte barn, informerer omkring \u00e6ndringer eller andet relevant der kunne have betydning for barnets hverdag. I vuggestuen er den daglige og n\u00e6re kontakt imellem personale og for\u00e6ldre en selvf\u00f8lge, under foruds\u00e6tning af, at b\u00f8rnenes tarv altid kommer f\u00f8rst.<\/p>\n<\/div>\n<\/div>\n\n\n\n<div class=\"wp-block-columns is-layout-flex wp-container-6\">\n<div class=\"wp-block-column is-layout-flow\"><\/div>\n\n\n\n<div class=\"wp-block-column is-layout-flow\"><\/div>\n<\/div>\n","protected":false},"excerpt":{"rendered":"<p>Naturklogskab I vores naturb\u00f8rnehus elsker vi udeliv og g\u00f8r alt, hvad vi kan, for at g\u00f8re b\u00f8rnene kloge p\u00e5 b\u00e5de sig selv og naturen. Vi bruger vores egne udearealer, skov, fjord, eng og molergrav som vores legeplads og dufter og smager p\u00e5 alt muligt. B\u00e6r og b\u00e5lmad er vores livretter, og robuste, nysgerrige, videbeg\u00e6rlige, beskidte, &hellip; <\/p>\n<p class=\"link-more\"><a href=\"https:\/\/naturb\u00f8rnehuset.dk\/?page_id=170\" class=\"more-link\">L\u00e6s videre<span class=\"screen-reader-text\"> &#8220;P\u00e6dagogik&#8221;<\/span><\/a><\/p>\n","protected":false},"author":2,"featured_media":0,"parent":0,"menu_order":0,"comment_status":"closed","ping_status":"closed","template":"","meta":[],"_links":{"self":[{"href":"https:\/\/naturb\u00f8rnehuset.dk\/index.php?rest_route=\/wp\/v2\/pages\/170"}],"collection":[{"href":"https:\/\/naturb\u00f8rnehuset.dk\/index.php?rest_route=\/wp\/v2\/pages"}],"about":[{"href":"https:\/\/naturb\u00f8rnehuset.dk\/index.php?rest_route=\/wp\/v2\/types\/page"}],"author":[{"embeddable":true,"href":"https:\/\/naturb\u00f8rnehuset.dk\/index.php?rest_route=\/wp\/v2\/users\/2"}],"replies":[{"embeddable":true,"href":"https:\/\/naturb\u00f8rnehuset.dk\/index.php?rest_route=%2Fwp%2Fv2%2Fcomments&post=170"}],"version-history":[{"count":2,"href":"https:\/\/naturb\u00f8rnehuset.dk\/index.php?rest_route=\/wp\/v2\/pages\/170\/revisions"}],"predecessor-version":[{"id":296,"href":"https:\/\/naturb\u00f8rnehuset.dk\/index.php?rest_route=\/wp\/v2\/pages\/170\/revisions\/296"}],"wp:attachment":[{"href":"https:\/\/naturb\u00f8rnehuset.dk\/index.php?rest_route=%2Fwp%2Fv2%2Fmedia&parent=170"}],"curies":[{"name":"wp","href":"https:\/\/api.w.org\/{rel}","templated":true}]}}