{"id":266,"date":"2023-11-16T11:10:29","date_gmt":"2023-11-16T10:10:29","guid":{"rendered":"https:\/\/naturb\u00f8rnehuset.dk\/?page_id=266"},"modified":"2024-02-15T08:29:42","modified_gmt":"2024-02-15T07:29:42","slug":"tilmelding-til-naturboernehuset-luffe","status":"publish","type":"page","link":"https:\/\/naturb\u00f8rnehuset.dk\/?page_id=266","title":{"rendered":"Tilmelding til Naturb\u00f8rnehuset Luffe"},"content":{"rendered":"\n<p>Her kan I tilmelde jeres barn i Naturb\u00f8rnehusets vuggestue og b\u00f8rnehave. <\/p>\n\n\n\n<p>F\u00f8r I udfylder indmeldelsen, har I mulighed for at stifte n\u00e6rmere bekendtskab med vuggestuen og\/eller b\u00f8rnehaven ved at bes\u00f8ge os eller ved at kontakte naturb\u00f8rnehusets leder, Casper. Det kan ske p\u00e5 telefon 91 55 09 88 eller p\u00e5 mail til casper@naturfriskolen.dk<\/p>\n\n\n\n<p>N\u00e5r vi har modtaget indmeldelsen, sender vi en bekr\u00e6ftelses mail for modtagelsen. Ca. 1 m\u00e5ned f\u00f8r start, vil I modtage en mail med praktiske oplysninger m.v. og en indkaldelse til et opstartsm\u00f8de.<\/p>\n\n\n\n<p>I er altid velkomne til at ringe og h\u00f8re om status i forhold til ledige pladser i b\u00f8rnegrupperne. Vi anbefaler, at I indmelder jeres barn, s\u00e5 tidligt som muligt, hvis I vil sikre jer en plads.<\/p>\n\n\n\n<p>Vi gl\u00e6der os til at se jer i vores dejlige naturb\u00f8rnehus.<\/p>\n\n\n\n<div class=\"wp-block-buttons is-content-justification-left is-layout-flex wp-container-1\">\n<div class=\"wp-block-button is-style-fill\"><a class=\"wp-block-button__link wp-element-button\" href=\"https:\/\/naturb\u00f8rnehuset.dk\/wp-content\/uploads\/2024\/02\/Indmeldelse.pdf\" target=\"_blank\" rel=\"noreferrer noopener\">Indmeldelsesblanket<\/a><\/div>\n<\/div>\n","protected":false},"excerpt":{"rendered":"<p>Her kan I tilmelde jeres barn i Naturb\u00f8rnehusets vuggestue og b\u00f8rnehave. F\u00f8r I udfylder indmeldelsen, har I mulighed for at stifte n\u00e6rmere bekendtskab med vuggestuen og\/eller b\u00f8rnehaven ved at bes\u00f8ge os eller ved at kontakte naturb\u00f8rnehusets leder, Casper. Det kan ske p\u00e5 telefon 91 55 09 88 eller p\u00e5 mail til casper@naturfriskolen.dk N\u00e5r vi har &hellip; <\/p>\n<p class=\"link-more\"><a href=\"https:\/\/naturb\u00f8rnehuset.dk\/?page_id=266\" class=\"more-link\">L\u00e6s videre<span class=\"screen-reader-text\"> &#8220;Tilmelding til Naturb\u00f8rnehuset Luffe&#8221;<\/span><\/a><\/p>\n","protected":false},"author":2,"featured_media":0,"parent":0,"menu_order":0,"comment_status":"closed","ping_status":"closed","template":"","meta":[],"_links":{"self":[{"href":"https:\/\/naturb\u00f8rnehuset.dk\/index.php?rest_route=\/wp\/v2\/pages\/266"}],"collection":[{"href":"https:\/\/naturb\u00f8rnehuset.dk\/index.php?rest_route=\/wp\/v2\/pages"}],"about":[{"href":"https:\/\/naturb\u00f8rnehuset.dk\/index.php?rest_route=\/wp\/v2\/types\/page"}],"author":[{"embeddable":true,"href":"https:\/\/naturb\u00f8rnehuset.dk\/index.php?rest_route=\/wp\/v2\/users\/2"}],"replies":[{"embeddable":true,"href":"https:\/\/naturb\u00f8rnehuset.dk\/index.php?rest_route=%2Fwp%2Fv2%2Fcomments&post=266"}],"version-history":[{"count":6,"href":"https:\/\/naturb\u00f8rnehuset.dk\/index.php?rest_route=\/wp\/v2\/pages\/266\/revisions"}],"predecessor-version":[{"id":354,"href":"https:\/\/naturb\u00f8rnehuset.dk\/index.php?rest_route=\/wp\/v2\/pages\/266\/revisions\/354"}],"wp:attachment":[{"href":"https:\/\/naturb\u00f8rnehuset.dk\/index.php?rest_route=%2Fwp%2Fv2%2Fmedia&parent=266"}],"curies":[{"name":"wp","href":"https:\/\/api.w.org\/{rel}","templated":true}]}}