{"id":319,"date":"2024-02-06T10:39:02","date_gmt":"2024-02-06T09:39:02","guid":{"rendered":"https:\/\/naturb\u00f8rnehuset.dk\/?page_id=319"},"modified":"2026-01-08T10:00:58","modified_gmt":"2026-01-08T09:00:58","slug":"aabningstider","status":"publish","type":"page","link":"https:\/\/naturb\u00f8rnehuset.dk\/?page_id=319","title":{"rendered":"\u00c5bningstider"},"content":{"rendered":"\n<p>Her kan du se \u00e5bningstiderne for Naturb\u00f8rnehuset Luffe: <\/p>\n\n\n\n<p>Mandag: 6.00 &#8211; 16.15 <br>Tirsdag: 6.00 &#8211; 16.15 <br>Onsdag: 6.00 &#8211; 16.15 <br>Torsdag: 6.00 &#8211; 16.15 <br>Fredag: 6.00 &#8211; 15.45 <\/p>\n\n\n\n<p>B\u00f8rnehuset er lukket mellem jul og nyt\u00e5r, den 5. juni (grundlovsdag), dagen efter Kr. Himmelfartsdag og i uge 29 og 30. I forbindelse med institutionens lukkedage vil der v\u00e6re mulighed for n\u00f8dpasning &#8211; den daglige leder kontaktes senest 3 m\u00e5neder f\u00f8r behovet.<\/p>\n","protected":false},"excerpt":{"rendered":"<p>Her kan du se \u00e5bningstiderne for Naturb\u00f8rnehuset Luffe: Mandag: 6.00 &#8211; 16.15 Tirsdag: 6.00 &#8211; 16.15 Onsdag: 6.00 &#8211; 16.15 Torsdag: 6.00 &#8211; 16.15 Fredag: 6.00 &#8211; 15.45 B\u00f8rnehuset er lukket mellem jul og nyt\u00e5r, den 5. juni (grundlovsdag), dagen efter Kr. Himmelfartsdag og i uge 29 og 30. I forbindelse med institutionens lukkedage vil &hellip; <\/p>\n<p class=\"link-more\"><a href=\"https:\/\/naturb\u00f8rnehuset.dk\/?page_id=319\" class=\"more-link\">L\u00e6s videre<span class=\"screen-reader-text\"> &#8220;\u00c5bningstider&#8221;<\/span><\/a><\/p>\n","protected":false},"author":2,"featured_media":0,"parent":0,"menu_order":0,"comment_status":"closed","ping_status":"closed","template":"","meta":[],"_links":{"self":[{"href":"https:\/\/naturb\u00f8rnehuset.dk\/index.php?rest_route=\/wp\/v2\/pages\/319"}],"collection":[{"href":"https:\/\/naturb\u00f8rnehuset.dk\/index.php?rest_route=\/wp\/v2\/pages"}],"about":[{"href":"https:\/\/naturb\u00f8rnehuset.dk\/index.php?rest_route=\/wp\/v2\/types\/page"}],"author":[{"embeddable":true,"href":"https:\/\/naturb\u00f8rnehuset.dk\/index.php?rest_route=\/wp\/v2\/users\/2"}],"replies":[{"embeddable":true,"href":"https:\/\/naturb\u00f8rnehuset.dk\/index.php?rest_route=%2Fwp%2Fv2%2Fcomments&post=319"}],"version-history":[{"count":2,"href":"https:\/\/naturb\u00f8rnehuset.dk\/index.php?rest_route=\/wp\/v2\/pages\/319\/revisions"}],"predecessor-version":[{"id":436,"href":"https:\/\/naturb\u00f8rnehuset.dk\/index.php?rest_route=\/wp\/v2\/pages\/319\/revisions\/436"}],"wp:attachment":[{"href":"https:\/\/naturb\u00f8rnehuset.dk\/index.php?rest_route=%2Fwp%2Fv2%2Fmedia&parent=319"}],"curies":[{"name":"wp","href":"https:\/\/api.w.org\/{rel}","templated":true}]}}